{"id":204,"date":"2015-06-29T14:58:32","date_gmt":"2015-06-29T14:58:32","guid":{"rendered":"http:\/\/maltesservice.se\/?page_id=204"},"modified":"2025-04-06T13:39:28","modified_gmt":"2025-04-06T13:39:28","slug":"om-oss","status":"publish","type":"page","link":"https:\/\/maltesservice.se\/","title":{"rendered":"Kl\u00e4ttrande tr\u00e4df\u00e4llningar"},"content":{"rendered":"<p><img loading=\"lazy\" decoding=\"async\" class=\"aligncenter wp-image-779 size-large\" src=\"https:\/\/maltesservice.se\/wp-content\/uploads\/2021\/10\/IMG20210819112227-e1636483176880-1024x938.jpg\" alt=\"\" width=\"788\" height=\"722\" srcset=\"https:\/\/maltesservice.se\/wp-content\/uploads\/2021\/10\/IMG20210819112227-e1636483176880-1024x938.jpg 1024w, https:\/\/maltesservice.se\/wp-content\/uploads\/2021\/10\/IMG20210819112227-e1636483176880-328x300.jpg 328w, https:\/\/maltesservice.se\/wp-content\/uploads\/2021\/10\/IMG20210819112227-e1636483176880-768x703.jpg 768w, https:\/\/maltesservice.se\/wp-content\/uploads\/2021\/10\/IMG20210819112227-e1636483176880-788x722.jpg 788w\" sizes=\"auto, (max-width: 788px) 100vw, 788px\" \/><\/p>\n<h3>Vi jobbar p\u00e5 Br\u00e4nn\u00f6 &#8211; \u00c5ret runt!<\/h3>\n<p>Vi \u00e4r ett litet och personligt\u00a0f\u00f6retag som har varit verksamma p\u00e5 Br\u00e4nn\u00f6 sedan 2013<\/p>\n<p>Vi kan bland annat hj\u00e4lpa er med:<\/p>\n<h3><strong>Tr\u00e4dv\u00e5rd<\/strong><\/h3>\n<ol>\n<li><strong>Avverkning och sektionsf\u00e4llning<\/strong><\/li>\n<li><strong>Kronbesk\u00e4rning<\/strong><\/li>\n<li><strong>Besk\u00e4rning av frukttr\u00e4d<\/strong><\/li>\n<li><strong>Slyr\u00f6jning\u00a0<\/strong><\/li>\n<\/ol>\n<h3>Anl\u00e4ggning<\/h3>\n<ol>\n<li><strong>Anl\u00e4ggning av tr\u00e4dg\u00e5rdsg\u00e5ngar\u00a0<\/strong><\/li>\n<li><strong>Borttagning av stubbar med gr\u00e4vmaskin<\/strong><\/li>\n<li><strong>Dr\u00e4neringar<\/strong><\/li>\n<\/ol>\n<h3>Tr\u00e4dg\u00e5rd<\/h3>\n<ol>\n<li><strong>Gr\u00e4sklippning <\/strong><\/li>\n<li><strong>H\u00e4ckklippning<\/strong><\/li>\n<li><strong>Plantering av h\u00e4ckar mm<\/strong><\/li>\n<\/ol>\n<p>Bra att k\u00e4nna till \u00e4r att vi varje dag oftast alltid \u00e4r ute p\u00e5 n\u00e5got uppdrag och kan d\u00e5 tyv\u00e4rr inte samtidigt ta emot f\u00f6rfr\u00e5gningar \u00f6ver telefon eller sms.<\/p>\n<p>Vi har bara m\u00f6jlighet att besvara era fr\u00e5gor n\u00e4r vi \u00e4r p\u00e5 kontoret och har v\u00e5r administrationstid. Det \u00e4r d\u00e4rf\u00f6r alltid s\u00e4krast att ni maila oss er f\u00f6rfr\u00e5gan &#8211; d\u00e5 kan vi g\u00e5 igenom ert \u00e4rende i lugn och ro och \u00e5terkoppla till er s\u00e5 snart som m\u00f6jligt.<\/p>\n<p>&nbsp;<\/p>\n<blockquote><p><a href=\"https:\/\/maltesservice.se\/?page_id=278\"><strong>V\u00e4lkommen med din f\u00f6rfr\u00e5gan!<\/strong><\/a><\/p><\/blockquote>\n","protected":false},"excerpt":{"rendered":"<p>Vi jobbar p\u00e5 Br\u00e4nn\u00f6 &#8211; \u00c5ret runt! Vi \u00e4r ett litet och personligt\u00a0f\u00f6retag som har varit verksamma p\u00e5 Br\u00e4nn\u00f6 sedan 2013 Vi kan bland annat hj\u00e4lpa er med: Tr\u00e4dv\u00e5rd Avverkning och sektionsf\u00e4llning Kronbesk\u00e4rning Besk\u00e4rning av frukttr\u00e4d Slyr\u00f6jning\u00a0 Anl\u00e4ggning Anl\u00e4ggning av tr\u00e4dg\u00e5rdsg\u00e5ngar\u00a0 Borttagning av stubbar med gr\u00e4vmaskin Dr\u00e4neringar Tr\u00e4dg\u00e5rd Gr\u00e4sklippning H\u00e4ckklippning Plantering av h\u00e4ckar mm Bra [&hellip;]<\/p>\n","protected":false},"author":1,"featured_media":0,"parent":0,"menu_order":0,"comment_status":"closed","ping_status":"closed","template":"","meta":{"footnotes":""},"class_list":["post-204","page","type-page","status-publish","hentry"],"_links":{"self":[{"href":"https:\/\/maltesservice.se\/index.php?rest_route=\/wp\/v2\/pages\/204","targetHints":{"allow":["GET"]}}],"collection":[{"href":"https:\/\/maltesservice.se\/index.php?rest_route=\/wp\/v2\/pages"}],"about":[{"href":"https:\/\/maltesservice.se\/index.php?rest_route=\/wp\/v2\/types\/page"}],"author":[{"embeddable":true,"href":"https:\/\/maltesservice.se\/index.php?rest_route=\/wp\/v2\/users\/1"}],"replies":[{"embeddable":true,"href":"https:\/\/maltesservice.se\/index.php?rest_route=%2Fwp%2Fv2%2Fcomments&post=204"}],"version-history":[{"count":153,"href":"https:\/\/maltesservice.se\/index.php?rest_route=\/wp\/v2\/pages\/204\/revisions"}],"predecessor-version":[{"id":996,"href":"https:\/\/maltesservice.se\/index.php?rest_route=\/wp\/v2\/pages\/204\/revisions\/996"}],"wp:attachment":[{"href":"https:\/\/maltesservice.se\/index.php?rest_route=%2Fwp%2Fv2%2Fmedia&parent=204"}],"curies":[{"name":"wp","href":"https:\/\/api.w.org\/{rel}","templated":true}]}}