{"id":542,"date":"2019-04-09T10:48:14","date_gmt":"2019-04-09T10:48:14","guid":{"rendered":"http:\/\/maltesservice.se\/?page_id=542"},"modified":"2020-12-01T20:25:59","modified_gmt":"2020-12-01T20:25:59","slug":"tradgardstjanster","status":"publish","type":"page","link":"https:\/\/maltesservice.se\/?page_id=542","title":{"rendered":"Tr\u00e4dg\u00e5rdstj\u00e4nster"},"content":{"rendered":"\n<ul class=\"wp-block-gallery columns-1 is-cropped wp-block-gallery-1 is-layout-flex wp-block-gallery-is-layout-flex\"><li class=\"blocks-gallery-item\"><figure><img loading=\"lazy\" decoding=\"async\" width=\"1024\" height=\"768\" src=\"https:\/\/maltesservice.se\/wp-content\/uploads\/2017\/08\/14205971_1044136452373312_6878637448519649674_o-1024x768.jpg\" alt=\"\" data-id=\"425\" data-link=\"https:\/\/maltesservice.se\/om-oss\/14205971_1044136452373312_6878637448519649674_o\/\" class=\"wp-image-425\" srcset=\"https:\/\/maltesservice.se\/wp-content\/uploads\/2017\/08\/14205971_1044136452373312_6878637448519649674_o-1024x768.jpg 1024w, https:\/\/maltesservice.se\/wp-content\/uploads\/2017\/08\/14205971_1044136452373312_6878637448519649674_o-400x300.jpg 400w, https:\/\/maltesservice.se\/wp-content\/uploads\/2017\/08\/14205971_1044136452373312_6878637448519649674_o-768x576.jpg 768w, https:\/\/maltesservice.se\/wp-content\/uploads\/2017\/08\/14205971_1044136452373312_6878637448519649674_o-788x591.jpg 788w, https:\/\/maltesservice.se\/wp-content\/uploads\/2017\/08\/14205971_1044136452373312_6878637448519649674_o.jpg 2048w\" sizes=\"auto, (max-width: 1024px) 100vw, 1024px\" \/><\/figure><\/li><\/ul>\n","protected":false},"excerpt":{"rendered":"","protected":false},"author":1,"featured_media":0,"parent":0,"menu_order":0,"comment_status":"closed","ping_status":"closed","template":"","meta":{"footnotes":""},"class_list":["post-542","page","type-page","status-publish","hentry"],"_links":{"self":[{"href":"https:\/\/maltesservice.se\/index.php?rest_route=\/wp\/v2\/pages\/542","targetHints":{"allow":["GET"]}}],"collection":[{"href":"https:\/\/maltesservice.se\/index.php?rest_route=\/wp\/v2\/pages"}],"about":[{"href":"https:\/\/maltesservice.se\/index.php?rest_route=\/wp\/v2\/types\/page"}],"author":[{"embeddable":true,"href":"https:\/\/maltesservice.se\/index.php?rest_route=\/wp\/v2\/users\/1"}],"replies":[{"embeddable":true,"href":"https:\/\/maltesservice.se\/index.php?rest_route=%2Fwp%2Fv2%2Fcomments&post=542"}],"version-history":[{"count":7,"href":"https:\/\/maltesservice.se\/index.php?rest_route=\/wp\/v2\/pages\/542\/revisions"}],"predecessor-version":[{"id":998,"href":"https:\/\/maltesservice.se\/index.php?rest_route=\/wp\/v2\/pages\/542\/revisions\/998"}],"wp:attachment":[{"href":"https:\/\/maltesservice.se\/index.php?rest_route=%2Fwp%2Fv2%2Fmedia&parent=542"}],"curies":[{"name":"wp","href":"https:\/\/api.w.org\/{rel}","templated":true}]}}