{"id":555,"date":"2019-04-09T12:35:17","date_gmt":"2019-04-09T12:35:17","guid":{"rendered":"http:\/\/maltesservice.se\/?page_id=555"},"modified":"2022-09-13T15:16:15","modified_gmt":"2022-09-13T15:16:15","slug":"exempel-pa-utforda-arbeten","status":"publish","type":"page","link":"https:\/\/maltesservice.se\/?page_id=555","title":{"rendered":"N\u00e5gra Exempel p\u00e5 uppdrag."},"content":{"rendered":"<h2>Anl\u00e4ggning<\/h2>\n<h2><img loading=\"lazy\" decoding=\"async\" class=\"alignnone size-full wp-image-750\" src=\"https:\/\/maltesservice.se\/wp-content\/uploads\/2021\/06\/20210525_111221.jpg\" alt=\"\" width=\"4000\" height=\"3000\" srcset=\"https:\/\/maltesservice.se\/wp-content\/uploads\/2021\/06\/20210525_111221.jpg 4000w, https:\/\/maltesservice.se\/wp-content\/uploads\/2021\/06\/20210525_111221-400x300.jpg 400w, https:\/\/maltesservice.se\/wp-content\/uploads\/2021\/06\/20210525_111221-768x576.jpg 768w, https:\/\/maltesservice.se\/wp-content\/uploads\/2021\/06\/20210525_111221-1024x768.jpg 1024w, https:\/\/maltesservice.se\/wp-content\/uploads\/2021\/06\/20210525_111221-788x591.jpg 788w\" sizes=\"auto, (max-width: 4000px) 100vw, 4000px\" \/><\/h2>\n<h2>Tr\u00e4dg\u00e5rd<\/h2>\n<div id=\"attachment_560\" style=\"width: 798px\" class=\"wp-caption alignnone\"><img loading=\"lazy\" decoding=\"async\" aria-describedby=\"caption-attachment-560\" class=\"wp-image-560 size-full\" src=\"https:\/\/maltesservice.se\/wp-content\/uploads\/2019\/04\/uppdrag1.jpg\" alt=\"\" width=\"788\" height=\"788\" srcset=\"https:\/\/maltesservice.se\/wp-content\/uploads\/2019\/04\/uppdrag1.jpg 788w, https:\/\/maltesservice.se\/wp-content\/uploads\/2019\/04\/uppdrag1-150x150.jpg 150w, https:\/\/maltesservice.se\/wp-content\/uploads\/2019\/04\/uppdrag1-300x300.jpg 300w, https:\/\/maltesservice.se\/wp-content\/uploads\/2019\/04\/uppdrag1-768x768.jpg 768w\" sizes=\"auto, (max-width: 788px) 100vw, 788px\" \/><p id=\"caption-attachment-560\" class=\"wp-caption-text\">F\u00f6re och efter, slyr\u00f6jning<\/p><\/div>\n<p><\/p>\n\n\n<figure class=\"wp-block-image\"><img loading=\"lazy\" decoding=\"async\" width=\"1024\" height=\"1024\" src=\"https:\/\/maltesservice.se\/wp-content\/uploads\/2021\/06\/picture_1625080875821-1024x1024.png\" alt=\"\" class=\"wp-image-762\" srcset=\"https:\/\/maltesservice.se\/wp-content\/uploads\/2021\/06\/picture_1625080875821-1024x1024.png 1024w, https:\/\/maltesservice.se\/wp-content\/uploads\/2021\/06\/picture_1625080875821-150x150.png 150w, https:\/\/maltesservice.se\/wp-content\/uploads\/2021\/06\/picture_1625080875821-300x300.png 300w, https:\/\/maltesservice.se\/wp-content\/uploads\/2021\/06\/picture_1625080875821-768x768.png 768w, https:\/\/maltesservice.se\/wp-content\/uploads\/2021\/06\/picture_1625080875821-788x788.png 788w\" sizes=\"auto, (max-width: 1024px) 100vw, 1024px\" \/><figcaption>Vi  snickrade ihop en odlingsl\u00e5da och fyllde p\u00e5 med planteringgsjord. Kunden planterade sj\u00e4lv ett  en h\u00e4rlig blandning av  v\u00e4xter. F\u00f6re och efterbild  \u00e4r endast ett par m\u00e5nader i mellan. Ett mycket bra alternativ till pallkragar. <\/figcaption><\/figure>\n\n\n\n<figure class=\"wp-block-image\"><img loading=\"lazy\" decoding=\"async\" width=\"1024\" height=\"1024\" src=\"https:\/\/maltesservice.se\/wp-content\/uploads\/2021\/06\/picture_1624997222404-1-1024x1024.png\" alt=\"\" class=\"wp-image-758\" srcset=\"https:\/\/maltesservice.se\/wp-content\/uploads\/2021\/06\/picture_1624997222404-1-1024x1024.png 1024w, https:\/\/maltesservice.se\/wp-content\/uploads\/2021\/06\/picture_1624997222404-1-150x150.png 150w, https:\/\/maltesservice.se\/wp-content\/uploads\/2021\/06\/picture_1624997222404-1-300x300.png 300w, https:\/\/maltesservice.se\/wp-content\/uploads\/2021\/06\/picture_1624997222404-1-768x768.png 768w, https:\/\/maltesservice.se\/wp-content\/uploads\/2021\/06\/picture_1624997222404-1-788x788.png 788w\" sizes=\"auto, (max-width: 1024px) 100vw, 1024px\" \/><figcaption><br>H\u00e4r fick en ensam grind s\u00e4llskap av ett enkelt staket <br><br><\/figcaption><\/figure>\n\n\n\n<figure class=\"wp-block-image\"><img loading=\"lazy\" decoding=\"async\" width=\"1024\" height=\"1024\" src=\"https:\/\/maltesservice.se\/wp-content\/uploads\/2021\/03\/20180501_210329-1024x1024.jpg\" alt=\"\" class=\"wp-image-724\" srcset=\"https:\/\/maltesservice.se\/wp-content\/uploads\/2021\/03\/20180501_210329-1024x1024.jpg 1024w, https:\/\/maltesservice.se\/wp-content\/uploads\/2021\/03\/20180501_210329-150x150.jpg 150w, https:\/\/maltesservice.se\/wp-content\/uploads\/2021\/03\/20180501_210329-300x300.jpg 300w, https:\/\/maltesservice.se\/wp-content\/uploads\/2021\/03\/20180501_210329-768x768.jpg 768w, https:\/\/maltesservice.se\/wp-content\/uploads\/2021\/03\/20180501_210329-788x788.jpg 788w, https:\/\/maltesservice.se\/wp-content\/uploads\/2021\/03\/20180501_210329.jpg 1564w\" sizes=\"auto, (max-width: 1024px) 100vw, 1024px\" \/><figcaption>Renovering av rabbat samt gjutning av betongmur<br><br><br><br><\/figcaption><\/figure>\n\n\n\n<figure class=\"wp-block-image\"><img loading=\"lazy\" decoding=\"async\" width=\"1024\" height=\"1024\" src=\"https:\/\/maltesservice.se\/wp-content\/uploads\/2020\/09\/IMG_20200901_001044-1024x1024.jpg\" alt=\"\" class=\"wp-image-656\" srcset=\"https:\/\/maltesservice.se\/wp-content\/uploads\/2020\/09\/IMG_20200901_001044-1024x1024.jpg 1024w, https:\/\/maltesservice.se\/wp-content\/uploads\/2020\/09\/IMG_20200901_001044-150x150.jpg 150w, https:\/\/maltesservice.se\/wp-content\/uploads\/2020\/09\/IMG_20200901_001044-300x300.jpg 300w, https:\/\/maltesservice.se\/wp-content\/uploads\/2020\/09\/IMG_20200901_001044-768x768.jpg 768w, https:\/\/maltesservice.se\/wp-content\/uploads\/2020\/09\/IMG_20200901_001044-788x788.jpg 788w, https:\/\/maltesservice.se\/wp-content\/uploads\/2020\/09\/IMG_20200901_001044.jpg 1564w\" sizes=\"auto, (max-width: 1024px) 100vw, 1024px\" \/><figcaption>Renovering av stens\u00e4ttning altan och mur <br><br><br><br><br><br><\/figcaption><\/figure>\n\n\n\n<figure class=\"wp-block-image\"><img loading=\"lazy\" decoding=\"async\" width=\"933\" height=\"1024\" src=\"https:\/\/maltesservice.se\/wp-content\/uploads\/2021\/06\/20210630_230811-933x1024.jpg\" alt=\"\" class=\"wp-image-765\" srcset=\"https:\/\/maltesservice.se\/wp-content\/uploads\/2021\/06\/20210630_230811-933x1024.jpg 933w, https:\/\/maltesservice.se\/wp-content\/uploads\/2021\/06\/20210630_230811-273x300.jpg 273w, https:\/\/maltesservice.se\/wp-content\/uploads\/2021\/06\/20210630_230811-768x843.jpg 768w, https:\/\/maltesservice.se\/wp-content\/uploads\/2021\/06\/20210630_230811-788x865.jpg 788w\" sizes=\"auto, (max-width: 933px) 100vw, 933px\" \/><figcaption>H\u00e4r gjorde vi en entre p\u00e5 asper\u00f6 av betongsten <\/figcaption><\/figure>\n\n\n\n<figure class=\"wp-block-image\"><img loading=\"lazy\" decoding=\"async\" width=\"592\" height=\"790\" src=\"https:\/\/maltesservice.se\/wp-content\/uploads\/2022\/09\/20220712_160844.jpg\" alt=\"\" class=\"wp-image-851\" srcset=\"https:\/\/maltesservice.se\/wp-content\/uploads\/2022\/09\/20220712_160844.jpg 592w, https:\/\/maltesservice.se\/wp-content\/uploads\/2022\/09\/20220712_160844-225x300.jpg 225w\" sizes=\"auto, (max-width: 592px) 100vw, 592px\" \/><figcaption>uteplats<\/figcaption><\/figure>\n","protected":false},"excerpt":{"rendered":"<p>Anl\u00e4ggning Tr\u00e4dg\u00e5rd<\/p>\n","protected":false},"author":1,"featured_media":0,"parent":0,"menu_order":0,"comment_status":"closed","ping_status":"closed","template":"","meta":{"footnotes":""},"class_list":["post-555","page","type-page","status-publish","hentry"],"_links":{"self":[{"href":"https:\/\/maltesservice.se\/index.php?rest_route=\/wp\/v2\/pages\/555","targetHints":{"allow":["GET"]}}],"collection":[{"href":"https:\/\/maltesservice.se\/index.php?rest_route=\/wp\/v2\/pages"}],"about":[{"href":"https:\/\/maltesservice.se\/index.php?rest_route=\/wp\/v2\/types\/page"}],"author":[{"embeddable":true,"href":"https:\/\/maltesservice.se\/index.php?rest_route=\/wp\/v2\/users\/1"}],"replies":[{"embeddable":true,"href":"https:\/\/maltesservice.se\/index.php?rest_route=%2Fwp%2Fv2%2Fcomments&post=555"}],"version-history":[{"count":51,"href":"https:\/\/maltesservice.se\/index.php?rest_route=\/wp\/v2\/pages\/555\/revisions"}],"predecessor-version":[{"id":858,"href":"https:\/\/maltesservice.se\/index.php?rest_route=\/wp\/v2\/pages\/555\/revisions\/858"}],"wp:attachment":[{"href":"https:\/\/maltesservice.se\/index.php?rest_route=%2Fwp%2Fv2%2Fmedia&parent=555"}],"curies":[{"name":"wp","href":"https:\/\/api.w.org\/{rel}","templated":true}]}}